{"id":177,"date":"2022-09-07T04:35:01","date_gmt":"2022-09-07T04:35:01","guid":{"rendered":"https:\/\/www.concejomunicipaldeduitama.gov.co\/?page_id=177"},"modified":"2025-01-07T21:05:07","modified_gmt":"2025-01-07T21:05:07","slug":"agenda","status":"publish","type":"page","link":"https:\/\/www.concejomunicipaldeduitama.gov.co\/?page_id=177","title":{"rendered":"Concurso Personer\u00eda"},"content":{"rendered":"\t\t<div data-elementor-type=\"wp-page\" data-elementor-id=\"177\" class=\"elementor elementor-177\" data-elementor-post-type=\"page\">\n\t\t\t\t\t\t<section class=\"elementor-section elementor-top-section elementor-element elementor-element-383353a elementor-section-boxed elementor-section-height-default elementor-section-height-default\" data-id=\"383353a\" data-element_type=\"section\" data-e-type=\"section\">\n\t\t\t\t\t\t<div class=\"elementor-container elementor-column-gap-default\">\n\t\t\t\t\t<div class=\"elementor-column elementor-col-100 elementor-top-column elementor-element elementor-element-989ca79\" data-id=\"989ca79\" data-element_type=\"column\" data-e-type=\"column\">\n\t\t\t<div class=\"elementor-widget-wrap elementor-element-populated\">\n\t\t\t\t\t\t<div class=\"elementor-element elementor-element-5f75c7f elementor-view-default elementor-widget elementor-widget-icon\" data-id=\"5f75c7f\" data-element_type=\"widget\" data-e-type=\"widget\" data-widget_type=\"icon.default\">\n\t\t\t\t<div class=\"elementor-widget-container\">\n\t\t\t\t\t\t\t<div class=\"elementor-icon-wrapper\">\n\t\t\t<div class=\"elementor-icon\">\n\t\t\t<i aria-hidden=\"true\" class=\"fas fa-address-card\"><\/i>\t\t\t<\/div>\n\t\t<\/div>\n\t\t\t\t\t\t<\/div>\n\t\t\t\t<\/div>\n\t\t\t\t<div class=\"elementor-element elementor-element-a431dcc elementor-widget elementor-widget-heading\" data-id=\"a431dcc\" data-element_type=\"widget\" data-e-type=\"widget\" data-widget_type=\"heading.default\">\n\t\t\t\t<div class=\"elementor-widget-container\">\n\t\t\t\t\t<h6 class=\"elementor-heading-title elementor-size-default\">Concurso Personer\u00eda Municipal<\/h6>\t\t\t\t<\/div>\n\t\t\t\t<\/div>\n\t\t\t\t<div class=\"elementor-element elementor-element-76a94d1 elementor-widget elementor-widget-heading\" data-id=\"76a94d1\" data-element_type=\"widget\" data-e-type=\"widget\" data-widget_type=\"heading.default\">\n\t\t\t\t<div class=\"elementor-widget-container\">\n\t\t\t\t\t<h5 class=\"elementor-heading-title elementor-size-default\">Consulte las bases del concurso  <\/h5>\t\t\t\t<\/div>\n\t\t\t\t<\/div>\n\t\t\t\t<div class=\"elementor-element elementor-element-821d06a elementor-widget elementor-widget-text-editor\" data-id=\"821d06a\" data-element_type=\"widget\" data-e-type=\"widget\" data-widget_type=\"text-editor.default\">\n\t\t\t\t<div class=\"elementor-widget-container\">\n\t\t\t\t\t\t\t\t\t<p><span style=\"color: #333333;\">Puede realizar la consulta de las bases del<span style=\"font-family: georgia, palatino, serif;\"> Concurso P\u00fablico y Abierto de M\u00e9ritos, para proveer el cargo de Personero (a) municipal,<\/span>\u00a0accediendo a trav\u00e9s de los siguientes enlaces<\/span><\/p>\t\t\t\t\t\t\t\t<\/div>\n\t\t\t\t<\/div>\n\t\t\t\t\t<\/div>\n\t\t<\/div>\n\t\t\t\t\t<\/div>\n\t\t<\/section>\n\t\t\t\t<section class=\"elementor-section elementor-top-section elementor-element elementor-element-a1fbc12 elementor-section-boxed elementor-section-height-default elementor-section-height-default\" data-id=\"a1fbc12\" data-element_type=\"section\" data-e-type=\"section\">\n\t\t\t\t\t\t<div class=\"elementor-container elementor-column-gap-extended\">\n\t\t\t\t\t<div class=\"elementor-column elementor-col-100 elementor-top-column elementor-element elementor-element-f48299c\" data-id=\"f48299c\" data-element_type=\"column\" data-e-type=\"column\">\n\t\t\t<div class=\"elementor-widget-wrap elementor-element-populated\">\n\t\t\t\t\t\t<div class=\"elementor-element elementor-element-cc65b89 elementor-widget elementor-widget-accordion\" data-id=\"cc65b89\" data-element_type=\"widget\" data-e-type=\"widget\" data-widget_type=\"accordion.default\">\n\t\t\t\t<div class=\"elementor-widget-container\">\n\t\t\t\t\t\t\t<div class=\"elementor-accordion\">\n\t\t\t\t\t\t\t<div class=\"elementor-accordion-item\">\n\t\t\t\t\t<div id=\"elementor-tab-title-2141\" class=\"elementor-tab-title\" data-tab=\"1\" role=\"button\" aria-controls=\"elementor-tab-content-2141\" aria-expanded=\"false\">\n\t\t\t\t\t\t\t\t\t\t\t\t\t<span class=\"elementor-accordion-icon elementor-accordion-icon-left\" aria-hidden=\"true\">\n\t\t\t\t\t\t\t\t\t\t\t\t\t\t\t<span class=\"elementor-accordion-icon-closed\"><i class=\"fas fa-plus\"><\/i><\/span>\n\t\t\t\t\t\t\t\t<span class=\"elementor-accordion-icon-opened\"><i class=\"fas fa-minus\"><\/i><\/span>\n\t\t\t\t\t\t\t\t\t\t\t\t\t\t<\/span>\n\t\t\t\t\t\t\t\t\t\t\t\t<a class=\"elementor-accordion-title\" tabindex=\"0\">CONVOCATORIAS 2023<\/a>\n\t\t\t\t\t<\/div>\n\t\t\t\t\t<div id=\"elementor-tab-content-2141\" class=\"elementor-tab-content elementor-clearfix\" data-tab=\"1\" role=\"region\" aria-labelledby=\"elementor-tab-title-2141\"><p style=\"text-align: left; padding-left: 40px;\"><span style=\"color: #ccffff;\"><a style=\"color: #ccffff;\" href=\"https:\/\/www.concejomunicipaldeduitama.gov.co\/wp-content\/uploads\/2023\/08\/CONVOCATORIA%20PUBLICA%20CONCURSO%20PERSONERO%20%28A%29.pdf?_t=1693442322\">CONVOCATORIA P\u00daBLICA N\u00ba 001 DE 2023 RESOLUCI\u00d3N N\u00ba 089\u00a0<\/a><\/span><\/p><p style=\"text-align: left; padding-left: 40px;\"><span style=\"color: #ccffff;\"><a style=\"color: #ccffff;\" href=\"https:\/\/www.concejomunicipaldeduitama.gov.co\/wp-content\/uploads\/2023\/08\/GUI%CC%81A%20DE%20INSCRIPCIO%CC%81N%20CONVOCATORIA.pdf?_t=1693442322\">GU\u00cdA PARA LA INSCRIPCI\u00d3N VIRTUAL DE ASPIRANTES\u00a0<\/a><\/span><\/p><p style=\"text-align: left; padding-left: 40px;\"><span style=\"color: #ccffff;\"><a style=\"color: #ccffff;\" href=\"https:\/\/www.concejomunicipaldeduitama.gov.co\/wp-content\/uploads\/2023\/08\/FORMULARIO%20DE%20INSCRIPCION%20-%20CONVOCATORIA.pdf?_t=1693442322\">FORMULARIO DE INSCRIPCI\u00d3N\u00a0<\/a><\/span><\/p><p style=\"text-align: left; padding-left: 40px;\"><span style=\"color: #ccffff;\"><a style=\"color: #ccffff;\" href=\"https:\/\/www.concejomunicipaldeduitama.gov.co\/wp-content\/uploads\/2023\/09\/CIRCULAR%201.pdf?_t=1695258982\">CIRCULAR<\/a><\/span><\/p><p style=\"text-align: left; padding-left: 40px;\"><span style=\"color: #ccffff;\"><a style=\"color: #ccffff;\" href=\"https:\/\/www.concejomunicipaldeduitama.gov.co\/wp-content\/uploads\/2023\/09\/LISTADO%20DE%20ADMITIDOS%20Y%20NO%20ADMITIDOS.pdf?_t=1695953284\">LISTADO DE ADMITIDOS Y NO ADMITIDOS\u00a0<\/a><\/span><\/p><p style=\"text-align: left; padding-left: 40px;\"><span style=\"color: #ccffff;\"><a style=\"color: #ccffff;\" href=\"https:\/\/www.concejomunicipaldeduitama.gov.co\/wp-content\/uploads\/2023\/10\/LISTADO%20DEFINTIVO%20DE%20ADMITIDOS%20Y%20NO%20ADMITIDOS.pdf?_t=1696895187\">LISTADO DEFINTIVO DE ADMITIDOS Y NO ADMITIDOS<\/a><\/span><\/p><p style=\"text-align: left; padding-left: 40px;\"><span style=\"color: #ccffff;\"><a style=\"color: #ccffff;\" href=\"https:\/\/www.concejomunicipaldeduitama.gov.co\/wp-content\/uploads\/2023\/10\/CARTILLA%20DE%20ORIENTACIO%CC%81N%20Y%20CITACIO%CC%81N%20PRUEBA%20ESCRITA.pdf?_t=1696895213\">CARTILLA DE ORIENTACIO\u0301N Y CITACIO\u0301N PRUEBA ESCRITA<\/a><\/span><\/p><p style=\"text-align: left; padding-left: 40px;\"><span style=\"color: #ccffff;\"><a style=\"color: #ccffff;\" href=\"https:\/\/www.concejomunicipaldeduitama.gov.co\/wp-content\/uploads\/2023\/10\/RESULTADOS%20PRELIMINARES%20PRUEBAS%20ESCRITAS.pdf?_t=1698275153\">RESULTADOS PRELIMINARES PRUEBAS ESCRITAS<\/a><\/span><\/p><p style=\"text-align: left; padding-left: 40px;\"><span style=\"color: #ccffff;\"><a style=\"color: #ccffff;\" href=\"https:\/\/www.concejomunicipaldeduitama.gov.co\/wp-content\/uploads\/2023\/11\/RESULTADOS%20DEFINITIVOS%20PRUEBAS%20ESCRITAS.pdf?_t=1699636700\">RESULTADOS DEFINITIVOS PRUEBAS ESCRITAS<\/a><\/span><\/p><div id=\"start\" style=\"text-align: left; padding-left: 40px;\"><span style=\"color: #ccffff;\"><a style=\"color: #ccffff;\" href=\"https:\/\/www.concejomunicipaldeduitama.gov.co\/wp-content\/uploads\/2023\/11\/RESULTADOS%20PRELIMINARES%20ESTUDIOS%20Y%20EXPERIENCIA.pdf?_t=1700000746\"><span id=\"title\">RESULTADOS PRELIMINARES ESTUDIOS Y EXPERIENCIA.<\/span><\/a><\/span><\/div><div style=\"text-align: left; padding-left: 40px;\">\u00a0<\/div><div style=\"text-align: left; padding-left: 40px;\">\u00a0<\/div><div style=\"text-align: left; padding-left: 40px;\"><span style=\"color: #ccffff;\"><a style=\"color: #ccffff;\" href=\"https:\/\/www.concejomunicipaldeduitama.gov.co\/wp-content\/uploads\/2023\/11\/RESULTADOS%20DEFINTIVOS%20ESTUDIOS%20Y%20EXPERIENCIA.pdf?_t=1701107699\">RESULTADOS\u00a0 DEFINITIVOS ESTUDIOS Y EXPERIENCIA<\/a><\/span><\/div><div style=\"text-align: left; padding-left: 40px;\">\u00a0<\/div><div style=\"text-align: left; padding-left: 40px;\">\u00a0<\/div><div style=\"text-align: left; padding-left: 40px;\"><span style=\"color: #ccffff;\"><a style=\"color: #ccffff;\" href=\"https:\/\/www.concejomunicipaldeduitama.gov.co\/wp-content\/uploads\/2024\/01\/POR%20LA%20CUAL%20SE%20DREOGA%20LA%20RESOLUCIO%CC%81N%20182%20DEL%2028%20DE%20DICIEMBRE%20DE%202023.pdf?_t=1704460569\">RESOLUCI\u00d3N N\u00ba003 POR CUAL SE DEROGA LA RESOLUCI\u00d3N 182 DEL 28 <\/a><\/span><\/div><div style=\"text-align: left; padding-left: 40px;\"><span style=\"color: #ccffff;\"><a style=\"color: #ccffff;\" href=\"https:\/\/www.concejomunicipaldeduitama.gov.co\/wp-content\/uploads\/2024\/01\/POR%20LA%20CUAL%20SE%20DREOGA%20LA%20RESOLUCIO%CC%81N%20182%20DEL%2028%20DE%20DICIEMBRE%20DE%202023.pdf?_t=1704460569\">DE DICIEMBRE DE 2023<\/a><\/span><\/div><div style=\"text-align: left; padding-left: 40px;\">\u00a0<\/div><div style=\"text-align: left; padding-left: 40px;\">\u00a0<\/div><div style=\"text-align: left; padding-left: 40px;\"><span style=\"color: #ccffff;\"><a style=\"color: #ccffff;\" href=\"https:\/\/www.concejomunicipaldeduitama.gov.co\/wp-content\/uploads\/2024\/01\/RESOLUCIO%CC%81N%20001-2024.pdf?_t=1704460605\">RESOLUCI\u00d3N 001 DE 2024<\/a><\/span><\/div><div style=\"text-align: left; padding-left: 40px;\">\u00a0<\/div><div id=\"center\" style=\"text-align: left; padding-left: 40px;\"><span style=\"color: #ccffff;\"><a style=\"color: #ccffff;\" href=\"https:\/\/www.concejomunicipaldeduitama.gov.co\/wp-content\/uploads\/2024\/01\/RESULTADOS%20ENTREVISTA.pdf?_t=1704933452\">RESULTADO ENTREVISTA<\/a><\/span><\/div><div style=\"text-align: left; padding-left: 40px;\">\u00a0<\/div><div style=\"text-align: left; padding-left: 40px;\"><span style=\"color: #ccffff;\"><a style=\"color: #ccffff;\" href=\"https:\/\/www.concejomunicipaldeduitama.gov.co\/wp-content\/uploads\/2024\/01\/LISTA%20DE%20ELEGIBLES.pdf?_t=1704933452\">LISTA DE ELEGIBLES<\/a><\/span><\/div><\/div>\n\t\t\t\t<\/div>\n\t\t\t\t\t\t\t\t<\/div>\n\t\t\t\t\t\t<\/div>\n\t\t\t\t<\/div>\n\t\t\t\t\t<\/div>\n\t\t<\/div>\n\t\t\t\t\t<\/div>\n\t\t<\/section>\n\t\t\t\t<section class=\"elementor-section elementor-top-section elementor-element elementor-element-17c0d7e elementor-section-boxed elementor-section-height-default elementor-section-height-default\" data-id=\"17c0d7e\" data-element_type=\"section\" data-e-type=\"section\" data-settings=\"{&quot;background_background&quot;:&quot;classic&quot;}\">\n\t\t\t\t\t\t<div class=\"elementor-container elementor-column-gap-default\">\n\t\t\t\t\t<div class=\"elementor-column elementor-col-33 elementor-top-column elementor-element elementor-element-86aa3c4\" data-id=\"86aa3c4\" data-element_type=\"column\" data-e-type=\"column\">\n\t\t\t<div class=\"elementor-widget-wrap elementor-element-populated\">\n\t\t\t\t\t\t<div class=\"elementor-element elementor-element-415fe7a elementor-widget elementor-widget-site-logo\" data-id=\"415fe7a\" data-element_type=\"widget\" data-e-type=\"widget\" data-settings=\"{&quot;width&quot;:{&quot;unit&quot;:&quot;%&quot;,&quot;size&quot;:25,&quot;sizes&quot;:[]},&quot;width_tablet&quot;:{&quot;unit&quot;:&quot;%&quot;,&quot;size&quot;:35,&quot;sizes&quot;:[]},&quot;width_mobile&quot;:{&quot;unit&quot;:&quot;%&quot;,&quot;size&quot;:28,&quot;sizes&quot;:[]},&quot;align&quot;:&quot;center&quot;,&quot;space&quot;:{&quot;unit&quot;:&quot;%&quot;,&quot;size&quot;:&quot;&quot;,&quot;sizes&quot;:[]},&quot;space_tablet&quot;:{&quot;unit&quot;:&quot;%&quot;,&quot;size&quot;:&quot;&quot;,&quot;sizes&quot;:[]},&quot;space_mobile&quot;:{&quot;unit&quot;:&quot;%&quot;,&quot;size&quot;:&quot;&quot;,&quot;sizes&quot;:[]},&quot;image_border_radius&quot;:{&quot;unit&quot;:&quot;px&quot;,&quot;top&quot;:&quot;&quot;,&quot;right&quot;:&quot;&quot;,&quot;bottom&quot;:&quot;&quot;,&quot;left&quot;:&quot;&quot;,&quot;isLinked&quot;:true},&quot;image_border_radius_tablet&quot;:{&quot;unit&quot;:&quot;px&quot;,&quot;top&quot;:&quot;&quot;,&quot;right&quot;:&quot;&quot;,&quot;bottom&quot;:&quot;&quot;,&quot;left&quot;:&quot;&quot;,&quot;isLinked&quot;:true},&quot;image_border_radius_mobile&quot;:{&quot;unit&quot;:&quot;px&quot;,&quot;top&quot;:&quot;&quot;,&quot;right&quot;:&quot;&quot;,&quot;bottom&quot;:&quot;&quot;,&quot;left&quot;:&quot;&quot;,&quot;isLinked&quot;:true},&quot;caption_padding&quot;:{&quot;unit&quot;:&quot;px&quot;,&quot;top&quot;:&quot;&quot;,&quot;right&quot;:&quot;&quot;,&quot;bottom&quot;:&quot;&quot;,&quot;left&quot;:&quot;&quot;,&quot;isLinked&quot;:true},&quot;caption_padding_tablet&quot;:{&quot;unit&quot;:&quot;px&quot;,&quot;top&quot;:&quot;&quot;,&quot;right&quot;:&quot;&quot;,&quot;bottom&quot;:&quot;&quot;,&quot;left&quot;:&quot;&quot;,&quot;isLinked&quot;:true},&quot;caption_padding_mobile&quot;:{&quot;unit&quot;:&quot;px&quot;,&quot;top&quot;:&quot;&quot;,&quot;right&quot;:&quot;&quot;,&quot;bottom&quot;:&quot;&quot;,&quot;left&quot;:&quot;&quot;,&quot;isLinked&quot;:true},&quot;caption_space&quot;:{&quot;unit&quot;:&quot;px&quot;,&quot;size&quot;:0,&quot;sizes&quot;:[]},&quot;caption_space_tablet&quot;:{&quot;unit&quot;:&quot;px&quot;,&quot;size&quot;:&quot;&quot;,&quot;sizes&quot;:[]},&quot;caption_space_mobile&quot;:{&quot;unit&quot;:&quot;px&quot;,&quot;size&quot;:&quot;&quot;,&quot;sizes&quot;:[]}}\" data-widget_type=\"site-logo.default\">\n\t\t\t\t<div class=\"elementor-widget-container\">\n\t\t\t\t\t\t\t<div class=\"hfe-site-logo\">\n\t\t\t\t\t\t\t\t\t\t\t\t\t<a data-elementor-open-lightbox=\"\"  class='elementor-clickable' href=\"https:\/\/www.concejomunicipaldeduitama.gov.co\">\n\t\t\t\t\t\t\t<div class=\"hfe-site-logo-set\">           \n\t\t\t\t<div class=\"hfe-site-logo-container\">\n\t\t\t\t\t\t\t\t\t<img decoding=\"async\" class=\"hfe-site-logo-img elementor-animation-\"  src=\"https:\/\/www.concejomunicipaldeduitama.gov.co\/wp-content\/uploads\/2022\/09\/Logo-Concejo-de-Duitama-b3f3c8.svg\" alt=\"default-logo\"\/>\n\t\t\t\t<\/div>\n\t\t\t<\/div>\n\t\t\t\t\t\t\t<\/a>\n\t\t\t\t\t\t<\/div>  \n\t\t\t\t\t\t\t<\/div>\n\t\t\t\t<\/div>\n\t\t\t\t\t<\/div>\n\t\t<\/div>\n\t\t\t\t<div class=\"elementor-column elementor-col-33 elementor-top-column elementor-element elementor-element-f579626\" data-id=\"f579626\" data-element_type=\"column\" data-e-type=\"column\">\n\t\t\t<div class=\"elementor-widget-wrap elementor-element-populated\">\n\t\t\t\t\t\t<div class=\"elementor-element elementor-element-75c4d78 elementor-widget elementor-widget-heading\" data-id=\"75c4d78\" data-element_type=\"widget\" data-e-type=\"widget\" data-widget_type=\"heading.default\">\n\t\t\t\t<div class=\"elementor-widget-container\">\n\t\t\t\t\t<h2 class=\"elementor-heading-title elementor-size-default\">Horarios<\/h2>\t\t\t\t<\/div>\n\t\t\t\t<\/div>\n\t\t\t\t<div class=\"elementor-element elementor-element-85e3540 elementor-widget elementor-widget-heading\" data-id=\"85e3540\" data-element_type=\"widget\" data-e-type=\"widget\" data-widget_type=\"heading.default\">\n\t\t\t\t<div class=\"elementor-widget-container\">\n\t\t\t\t\t<h2 class=\"elementor-heading-title elementor-size-default\">Lunes a viernes<\/h2>\t\t\t\t<\/div>\n\t\t\t\t<\/div>\n\t\t\t\t<div class=\"elementor-element elementor-element-0b07911 elementor-widget elementor-widget-heading\" data-id=\"0b07911\" data-element_type=\"widget\" data-e-type=\"widget\" data-widget_type=\"heading.default\">\n\t\t\t\t<div class=\"elementor-widget-container\">\n\t\t\t\t\t<h2 class=\"elementor-heading-title elementor-size-default\">7:00 a.m. a 12:00 p.m.\n1:00 p.m. a 5:00 p.m.<\/h2>\t\t\t\t<\/div>\n\t\t\t\t<\/div>\n\t\t\t\t\t<\/div>\n\t\t<\/div>\n\t\t\t\t<div class=\"elementor-column elementor-col-33 elementor-top-column elementor-element elementor-element-71edaaf\" data-id=\"71edaaf\" data-element_type=\"column\" data-e-type=\"column\">\n\t\t\t<div class=\"elementor-widget-wrap elementor-element-populated\">\n\t\t\t\t\t\t<div class=\"elementor-element elementor-element-e996372 e-grid-align-tablet-right e-grid-align-mobile-center elementor-widget-mobile__width-inherit elementor-shape-rounded elementor-grid-0 e-grid-align-center elementor-widget elementor-widget-social-icons\" data-id=\"e996372\" data-element_type=\"widget\" data-e-type=\"widget\" data-widget_type=\"social-icons.default\">\n\t\t\t\t<div class=\"elementor-widget-container\">\n\t\t\t\t\t\t\t<div class=\"elementor-social-icons-wrapper elementor-grid\" role=\"list\">\n\t\t\t\t\t\t\t<span class=\"elementor-grid-item\" role=\"listitem\">\n\t\t\t\t\t<a class=\"elementor-icon elementor-social-icon elementor-social-icon-facebook-f elementor-repeater-item-3f1b7ac\" href=\"https:\/\/www.facebook.com\/concejodeduitama\/\" target=\"_blank\">\n\t\t\t\t\t\t<span class=\"elementor-screen-only\">Facebook-f<\/span>\n\t\t\t\t\t\t<i aria-hidden=\"true\" class=\"fab fa-facebook-f\"><\/i>\t\t\t\t\t<\/a>\n\t\t\t\t<\/span>\n\t\t\t\t\t\t\t<span class=\"elementor-grid-item\" role=\"listitem\">\n\t\t\t\t\t<a class=\"elementor-icon elementor-social-icon elementor-social-icon-instagram elementor-repeater-item-862dbd0\" href=\"https:\/\/www.instagram.com\/concejodeduitama\/\" target=\"_blank\">\n\t\t\t\t\t\t<span class=\"elementor-screen-only\">Instagram<\/span>\n\t\t\t\t\t\t<i aria-hidden=\"true\" class=\"fab fa-instagram\"><\/i>\t\t\t\t\t<\/a>\n\t\t\t\t<\/span>\n\t\t\t\t\t<\/div>\n\t\t\t\t\t\t<\/div>\n\t\t\t\t<\/div>\n\t\t\t\t\t<\/div>\n\t\t<\/div>\n\t\t\t\t\t<\/div>\n\t\t<\/section>\n\t\t\t\t<section class=\"elementor-section elementor-top-section elementor-element elementor-element-e9d525b elementor-section-boxed elementor-section-height-default elementor-section-height-default\" data-id=\"e9d525b\" data-element_type=\"section\" data-e-type=\"section\" data-settings=\"{&quot;background_background&quot;:&quot;classic&quot;}\">\n\t\t\t\t\t\t<div class=\"elementor-container elementor-column-gap-default\">\n\t\t\t\t\t<div class=\"elementor-column elementor-col-100 elementor-top-column elementor-element elementor-element-1f2d5a6\" data-id=\"1f2d5a6\" data-element_type=\"column\" data-e-type=\"column\">\n\t\t\t<div class=\"elementor-widget-wrap elementor-element-populated\">\n\t\t\t\t\t\t<div class=\"elementor-element elementor-element-6ac22d3 elementor-widget elementor-widget-heading\" data-id=\"6ac22d3\" data-element_type=\"widget\" data-e-type=\"widget\" data-widget_type=\"heading.default\">\n\t\t\t\t<div class=\"elementor-widget-container\">\n\t\t\t\t\t<p class=\"elementor-heading-title elementor-size-default\">\u00a9 Concejo de Duitama. Todos los derechos reservados 2025<\/p>\t\t\t\t<\/div>\n\t\t\t\t<\/div>\n\t\t\t\t\t<\/div>\n\t\t<\/div>\n\t\t\t\t\t<\/div>\n\t\t<\/section>\n\t\t\t\t<section class=\"elementor-section elementor-top-section elementor-element elementor-element-0c3bcce elementor-section-height-min-height elementor-section-content-middle elementor-section-full_width elementor-section-height-default elementor-section-items-middle\" data-id=\"0c3bcce\" data-element_type=\"section\" data-e-type=\"section\" data-settings=\"{&quot;background_background&quot;:&quot;classic&quot;}\">\n\t\t\t\t\t\t<div class=\"elementor-container elementor-column-gap-no\">\n\t\t\t\t\t<div class=\"elementor-column elementor-col-100 elementor-top-column elementor-element elementor-element-ce6e9ba\" data-id=\"ce6e9ba\" data-element_type=\"column\" data-e-type=\"column\">\n\t\t\t<div class=\"elementor-widget-wrap elementor-element-populated\">\n\t\t\t\t\t\t<div class=\"elementor-element elementor-element-a9e6f4d elementor-widget elementor-widget-image\" data-id=\"a9e6f4d\" data-element_type=\"widget\" data-e-type=\"widget\" data-widget_type=\"image.default\">\n\t\t\t\t<div class=\"elementor-widget-container\">\n\t\t\t\t\t\t\t\t\t\t\t\t\t\t\t\t<a href=\"https:\/\/www.gov.co\/\">\n\t\t\t\t\t\t\t<img decoding=\"async\" width=\"200\" height=\"62\" src=\"https:\/\/www.concejomunicipaldeduitama.gov.co\/wp-content\/uploads\/2024\/12\/img-gov-footer-concejo-1.png\" class=\"attachment-large size-large wp-image-4387\" alt=\"\" \/>\t\t\t\t\t\t\t\t<\/a>\n\t\t\t\t\t\t\t\t\t\t\t\t\t\t\t<\/div>\n\t\t\t\t<\/div>\n\t\t\t\t\t<\/div>\n\t\t<\/div>\n\t\t\t\t\t<\/div>\n\t\t<\/section>\n\t\t\t\t<\/div>\n\t\t","protected":false},"excerpt":{"rendered":"<p>Concurso Personer\u00eda Municipal Consulte las bases del concurso Puede realizar la consulta de las bases del Concurso P\u00fablico y Abierto de M\u00e9ritos, para proveer el cargo de Personero (a) municipal,\u00a0accediendo a trav\u00e9s de los siguientes enlaces CONVOCATORIAS 2023 CONVOCATORIA P\u00daBLICA N\u00ba 001 DE 2023 RESOLUCI\u00d3N N\u00ba 089\u00a0 GU\u00cdA PARA LA INSCRIPCI\u00d3N VIRTUAL DE ASPIRANTES\u00a0 FORMULARIO&hellip;&nbsp;<a href=\"https:\/\/www.concejomunicipaldeduitama.gov.co\/?page_id=177\" rel=\"bookmark\">Leer m\u00e1s &raquo;<span class=\"screen-reader-text\">Concurso Personer\u00eda<\/span><\/a><\/p>\n","protected":false},"author":1,"featured_media":0,"parent":0,"menu_order":0,"comment_status":"closed","ping_status":"closed","template":"","meta":{"neve_meta_sidebar":"","neve_meta_container":"full-width","neve_meta_enable_content_width":"","neve_meta_content_width":0,"neve_meta_title_alignment":"","neve_meta_author_avatar":"","neve_post_elements_order":"","neve_meta_disable_header":"","neve_meta_disable_footer":"on","neve_meta_disable_title":"on","_themeisle_gutenberg_block_has_review":false,"footnotes":""},"class_list":["post-177","page","type-page","status-publish","hentry"],"_links":{"self":[{"href":"https:\/\/www.concejomunicipaldeduitama.gov.co\/index.php?rest_route=\/wp\/v2\/pages\/177","targetHints":{"allow":["GET"]}}],"collection":[{"href":"https:\/\/www.concejomunicipaldeduitama.gov.co\/index.php?rest_route=\/wp\/v2\/pages"}],"about":[{"href":"https:\/\/www.concejomunicipaldeduitama.gov.co\/index.php?rest_route=\/wp\/v2\/types\/page"}],"author":[{"embeddable":true,"href":"https:\/\/www.concejomunicipaldeduitama.gov.co\/index.php?rest_route=\/wp\/v2\/users\/1"}],"replies":[{"embeddable":true,"href":"https:\/\/www.concejomunicipaldeduitama.gov.co\/index.php?rest_route=%2Fwp%2Fv2%2Fcomments&post=177"}],"version-history":[{"count":96,"href":"https:\/\/www.concejomunicipaldeduitama.gov.co\/index.php?rest_route=\/wp\/v2\/pages\/177\/revisions"}],"predecessor-version":[{"id":5193,"href":"https:\/\/www.concejomunicipaldeduitama.gov.co\/index.php?rest_route=\/wp\/v2\/pages\/177\/revisions\/5193"}],"wp:attachment":[{"href":"https:\/\/www.concejomunicipaldeduitama.gov.co\/index.php?rest_route=%2Fwp%2Fv2%2Fmedia&parent=177"}],"curies":[{"name":"wp","href":"https:\/\/api.w.org\/{rel}","templated":true}]}}